{"id":617,"date":"2024-05-08T11:06:10","date_gmt":"2024-05-08T16:06:10","guid":{"rendered":"https:\/\/puntoazulrestaurante.com\/contacto\/"},"modified":"2024-05-14T20:04:51","modified_gmt":"2024-05-15T01:04:51","slug":"contact-us","status":"publish","type":"page","link":"https:\/\/puntoazulrestaurante.com\/en\/contact-us\/","title":{"rendered":"Contact"},"content":{"rendered":"\n<div class=\"wpcf7 no-js\" id=\"wpcf7-f723-o1\" lang=\"es-ES\" dir=\"ltr\" data-wpcf7-id=\"723\">\n<div class=\"screen-reader-response\"><p role=\"status\" aria-live=\"polite\" aria-atomic=\"true\"><\/p> <ul><\/ul><\/div>\n<form action=\"\/en\/wp-json\/wp\/v2\/pages\/617#wpcf7-f723-o1\" method=\"post\" class=\"wpcf7-form init\" aria-label=\"Formulario de contacto\" novalidate=\"novalidate\" data-status=\"init\">\n<fieldset class=\"hidden-fields-container\"><input type=\"hidden\" name=\"_wpcf7\" value=\"723\" \/><input type=\"hidden\" name=\"_wpcf7_version\" value=\"6.1.5\" \/><input type=\"hidden\" name=\"_wpcf7_locale\" value=\"es_ES\" \/><input type=\"hidden\" name=\"_wpcf7_unit_tag\" value=\"wpcf7-f723-o1\" \/><input type=\"hidden\" name=\"_wpcf7_container_post\" value=\"0\" \/><input type=\"hidden\" name=\"_wpcf7_posted_data_hash\" value=\"\" \/><input type=\"hidden\" name=\"_wpcf7_recaptcha_response\" value=\"\" \/>\n<\/fieldset>\n<fieldset>\n\t<p><span class=\"wpcf7-form-control-wrap\" data-name=\"your-name\"><input size=\"40\" maxlength=\"400\" class=\"wpcf7-form-control wpcf7-text wpcf7-validates-as-required\" id=\"your-name\" autocomplete=\"name\" aria-required=\"true\" aria-invalid=\"false\" placeholder=\"Full name:\" value=\"\" type=\"text\" name=\"your-name\" \/><\/span><span class=\"wpcf7-form-control-wrap\" data-name=\"your-email\"><input size=\"40\" maxlength=\"400\" class=\"wpcf7-form-control wpcf7-email wpcf7-validates-as-required wpcf7-text wpcf7-validates-as-email\" id=\"your-email\" autocomplete=\"email\" aria-required=\"true\" aria-invalid=\"false\" placeholder=\"E-mail:\" value=\"\" type=\"email\" name=\"your-email\" \/><\/span><span class=\"wpcf7-form-control-wrap\" data-name=\"your-number\"><input class=\"wpcf7-form-control wpcf7-number wpcf7-validates-as-number\" id=\"your-number\" aria-invalid=\"false\" placeholder=\"Phone:\" value=\"\" type=\"number\" name=\"your-number\" \/><\/span><span class=\"wpcf7-form-control-wrap\" data-name=\"your-message\"><textarea cols=\"40\" rows=\"10\" maxlength=\"2000\" class=\"wpcf7-form-control wpcf7-textarea\" aria-invalid=\"false\" placeholder=\"Message:\" name=\"your-message\"><\/textarea><\/span>\n\t<\/p>\n\t<div class=\"checkbox\">\n\t\t<p><span class=\"wpcf7-form-control-wrap\" data-name=\"your-acceptance\"><span class=\"wpcf7-form-control wpcf7-acceptance optional\"><span class=\"wpcf7-list-item\"><input type=\"checkbox\" name=\"your-acceptance\" value=\"1\" aria-invalid=\"false\" \/><\/span><\/span><\/span>\n\t\t<\/p>\n\t\t<p>I have read and accept the <a href=\"https:\/\/puntoazulrestaurante.com\/en\/privacy-policy\/\" target=\"_blank\">policies and privacy<\/a>\n\t\t<\/p>\n\t<\/div>\n\t<div class=\"btn\">\n\t\t<p><button type=\"submit\" class=\"azul\"><span>Send<\/span><\/button>\n\t\t<\/p>\n\t<\/div>\n<\/fieldset><div class=\"wpcf7-response-output\" aria-hidden=\"true\"><\/div>\n<\/form>\n<\/div>\n\n","protected":false},"excerpt":{"rendered":"","protected":false},"author":1,"featured_media":0,"parent":0,"menu_order":0,"comment_status":"closed","ping_status":"closed","template":"page-contacto.php","meta":{"_acf_changed":false,"footnotes":""},"class_list":["post-617","page","type-page","status-publish","hentry"],"acf":{"titulo_formulario":"Contact us","formulario_codigo":"[contact-form-7 id=\"984e8ba\" title=\"Contact us - EN\"]","titulo_locales":"Our premises","botom_como_llegar":"How to get?","boton_ver_mapa":"See map","contenidos_locales":[{"contenido_distrito":[{"imagen":{"ID":537,"id":537,"title":"restaurant-santiago-surco-caminos-del-inca","filename":"restaurant-santiago-surco-caminos-del-inca.webp","filesize":60486,"url":"https:\/\/puntoazulrestaurante.com\/wp-content\/uploads\/2024\/05\/restaurant-santiago-surco-caminos-del-inca.webp","link":"https:\/\/puntoazulrestaurante.com\/en\/contact-us\/restaurant-santiago-surco-caminos-del-inca-2\/","alt":"","author":"1","description":"","caption":"","name":"restaurant-santiago-surco-caminos-del-inca-2","status":"inherit","uploaded_to":617,"date":"2024-05-10 23:15:04","modified":"2024-05-10 23:15:04","menu_order":0,"mime_type":"image\/webp","type":"image","subtype":"webp","icon":"https:\/\/puntoazulrestaurante.com\/wp-includes\/images\/media\/default.png","width":620,"height":410,"sizes":{"thumbnail":"https:\/\/puntoazulrestaurante.com\/wp-content\/uploads\/2024\/05\/restaurant-santiago-surco-caminos-del-inca-150x150.webp","thumbnail-width":150,"thumbnail-height":150,"medium":"https:\/\/puntoazulrestaurante.com\/wp-content\/uploads\/2024\/05\/restaurant-santiago-surco-caminos-del-inca-300x198.webp","medium-width":300,"medium-height":198,"medium_large":"https:\/\/puntoazulrestaurante.com\/wp-content\/uploads\/2024\/05\/restaurant-santiago-surco-caminos-del-inca.webp","medium_large-width":580,"medium_large-height":384,"large":"https:\/\/puntoazulrestaurante.com\/wp-content\/uploads\/2024\/05\/restaurant-santiago-surco-caminos-del-inca.webp","large-width":580,"large-height":384,"1536x1536":"https:\/\/puntoazulrestaurante.com\/wp-content\/uploads\/2024\/05\/restaurant-santiago-surco-caminos-del-inca.webp","1536x1536-width":620,"1536x1536-height":410,"2048x2048":"https:\/\/puntoazulrestaurante.com\/wp-content\/uploads\/2024\/05\/restaurant-santiago-surco-caminos-del-inca.webp","2048x2048-width":620,"2048x2048-height":410,"post-thumbnail":"https:\/\/puntoazulrestaurante.com\/wp-content\/uploads\/2024\/05\/restaurant-santiago-surco-caminos-del-inca.webp","post-thumbnail-width":620,"post-thumbnail-height":410,"twentytwenty-fullscreen":"https:\/\/puntoazulrestaurante.com\/wp-content\/uploads\/2024\/05\/restaurant-santiago-surco-caminos-del-inca.webp","twentytwenty-fullscreen-width":620,"twentytwenty-fullscreen-height":410}},"distrito":"Santiago de Surco - Caminos del Inca","descripcion":"Sal\u00f3n y Recojo en tienda","direccion":"Av. Caminos del Inca 853","enlace_mapa":"https:\/\/maps.app.goo.gl\/EwyiKqknAdgwUt716","como_llegar":"https:\/\/ul.waze.com\/ul?place=ChIJI5SR3PLHBZERM4_kXiF3tWY&ll=-12.11923300%2C-76.98849120&navigate=yes&utm_campaign=default&utm_source=waze_website&utm_medium=lm_share_location","telefono":[{"numero":"(01) 480 1165"}],"horario":[{"item":"Tuesday through Sunday: 11 a.m. a 4 p.m."}]},{"imagen":{"ID":535,"id":535,"title":"local2","filename":"local2.webp","filesize":60218,"url":"https:\/\/puntoazulrestaurante.com\/wp-content\/uploads\/2024\/05\/local2.webp","link":"https:\/\/puntoazulrestaurante.com\/en\/contact-us\/local2-2\/","alt":"","author":"1","description":"","caption":"","name":"local2-2","status":"inherit","uploaded_to":617,"date":"2024-05-10 22:44:00","modified":"2024-05-10 22:44:00","menu_order":0,"mime_type":"image\/webp","type":"image","subtype":"webp","icon":"https:\/\/puntoazulrestaurante.com\/wp-includes\/images\/media\/default.png","width":620,"height":410,"sizes":{"thumbnail":"https:\/\/puntoazulrestaurante.com\/wp-content\/uploads\/2024\/05\/local2-150x150.webp","thumbnail-width":150,"thumbnail-height":150,"medium":"https:\/\/puntoazulrestaurante.com\/wp-content\/uploads\/2024\/05\/local2-300x198.webp","medium-width":300,"medium-height":198,"medium_large":"https:\/\/puntoazulrestaurante.com\/wp-content\/uploads\/2024\/05\/local2.webp","medium_large-width":580,"medium_large-height":384,"large":"https:\/\/puntoazulrestaurante.com\/wp-content\/uploads\/2024\/05\/local2.webp","large-width":580,"large-height":384,"1536x1536":"https:\/\/puntoazulrestaurante.com\/wp-content\/uploads\/2024\/05\/local2.webp","1536x1536-width":620,"1536x1536-height":410,"2048x2048":"https:\/\/puntoazulrestaurante.com\/wp-content\/uploads\/2024\/05\/local2.webp","2048x2048-width":620,"2048x2048-height":410,"post-thumbnail":"https:\/\/puntoazulrestaurante.com\/wp-content\/uploads\/2024\/05\/local2.webp","post-thumbnail-width":620,"post-thumbnail-height":410,"twentytwenty-fullscreen":"https:\/\/puntoazulrestaurante.com\/wp-content\/uploads\/2024\/05\/local2.webp","twentytwenty-fullscreen-width":620,"twentytwenty-fullscreen-height":410}},"distrito":"Santiago de Surco","descripcion":"","direccion":"Av. Primavera 2235","enlace_mapa":"https:\/\/maps.app.goo.gl\/fDgaPoYK4swDuFQy8","como_llegar":"","telefono":[{"numero":"(01) 480 1165"}],"horario":[{"item":"Tuesday through Sunday: 11 a.m. a 4 p.m."}]}]},{"contenido_distrito":[{"imagen":{"ID":534,"id":534,"title":"local-1","filename":"local-1.webp","filesize":47334,"url":"https:\/\/puntoazulrestaurante.com\/wp-content\/uploads\/2024\/05\/local-1.webp","link":"https:\/\/puntoazulrestaurante.com\/en\/contact-us\/local-1-2\/","alt":"","author":"1","description":"","caption":"","name":"local-1-2","status":"inherit","uploaded_to":617,"date":"2024-05-10 22:43:53","modified":"2024-05-10 22:43:53","menu_order":0,"mime_type":"image\/webp","type":"image","subtype":"webp","icon":"https:\/\/puntoazulrestaurante.com\/wp-includes\/images\/media\/default.png","width":617,"height":412,"sizes":{"thumbnail":"https:\/\/puntoazulrestaurante.com\/wp-content\/uploads\/2024\/05\/local-1-150x150.webp","thumbnail-width":150,"thumbnail-height":150,"medium":"https:\/\/puntoazulrestaurante.com\/wp-content\/uploads\/2024\/05\/local-1-300x200.webp","medium-width":300,"medium-height":200,"medium_large":"https:\/\/puntoazulrestaurante.com\/wp-content\/uploads\/2024\/05\/local-1.webp","medium_large-width":580,"medium_large-height":387,"large":"https:\/\/puntoazulrestaurante.com\/wp-content\/uploads\/2024\/05\/local-1.webp","large-width":580,"large-height":387,"1536x1536":"https:\/\/puntoazulrestaurante.com\/wp-content\/uploads\/2024\/05\/local-1.webp","1536x1536-width":617,"1536x1536-height":412,"2048x2048":"https:\/\/puntoazulrestaurante.com\/wp-content\/uploads\/2024\/05\/local-1.webp","2048x2048-width":617,"2048x2048-height":412,"post-thumbnail":"https:\/\/puntoazulrestaurante.com\/wp-content\/uploads\/2024\/05\/local-1.webp","post-thumbnail-width":617,"post-thumbnail-height":412,"twentytwenty-fullscreen":"https:\/\/puntoazulrestaurante.com\/wp-content\/uploads\/2024\/05\/local-1.webp","twentytwenty-fullscreen-width":617,"twentytwenty-fullscreen-height":412}},"distrito":"San Isidro","descripcion":"Autoservicio y Recojo en tienda","direccion":"Prado con Petit Thouars","enlace_mapa":"https:\/\/maps.app.goo.gl\/kraqPnTT1wktdPHq7","como_llegar":"https:\/\/ul.waze.com\/ul?place=ChIJralaRGfIBZERQNqvaZxldKk&ll=-12.09203080%2C-77.03252920&navigate=yes&utm_campaign=default&utm_source=waze_website&utm_medium=lm_share_location","telefono":[{"numero":"(01) 480 1165"}],"horario":[{"item":"Monday to Saturday: 11 a.m. a 4 p.m."}]}]},{"contenido_distrito":[{"imagen":{"ID":536,"id":536,"title":"local3","filename":"local3.webp","filesize":28368,"url":"https:\/\/puntoazulrestaurante.com\/wp-content\/uploads\/2024\/05\/local3.webp","link":"https:\/\/puntoazulrestaurante.com\/en\/contact-us\/local3-3\/","alt":"","author":"1","description":"","caption":"","name":"local3-3","status":"inherit","uploaded_to":617,"date":"2024-05-10 22:44:07","modified":"2024-05-10 22:44:07","menu_order":0,"mime_type":"image\/webp","type":"image","subtype":"webp","icon":"https:\/\/puntoazulrestaurante.com\/wp-includes\/images\/media\/default.png","width":620,"height":410,"sizes":{"thumbnail":"https:\/\/puntoazulrestaurante.com\/wp-content\/uploads\/2024\/05\/local3-150x150.webp","thumbnail-width":150,"thumbnail-height":150,"medium":"https:\/\/puntoazulrestaurante.com\/wp-content\/uploads\/2024\/05\/local3-300x198.webp","medium-width":300,"medium-height":198,"medium_large":"https:\/\/puntoazulrestaurante.com\/wp-content\/uploads\/2024\/05\/local3.webp","medium_large-width":580,"medium_large-height":384,"large":"https:\/\/puntoazulrestaurante.com\/wp-content\/uploads\/2024\/05\/local3.webp","large-width":580,"large-height":384,"1536x1536":"https:\/\/puntoazulrestaurante.com\/wp-content\/uploads\/2024\/05\/local3.webp","1536x1536-width":620,"1536x1536-height":410,"2048x2048":"https:\/\/puntoazulrestaurante.com\/wp-content\/uploads\/2024\/05\/local3.webp","2048x2048-width":620,"2048x2048-height":410,"post-thumbnail":"https:\/\/puntoazulrestaurante.com\/wp-content\/uploads\/2024\/05\/local3.webp","post-thumbnail-width":620,"post-thumbnail-height":410,"twentytwenty-fullscreen":"https:\/\/puntoazulrestaurante.com\/wp-content\/uploads\/2024\/05\/local3.webp","twentytwenty-fullscreen-width":620,"twentytwenty-fullscreen-height":410}},"distrito":"Miraflores - Benavides","descripcion":"Sal\u00f3n y Recojo en tienda","direccion":"Av. Benavides 2370","enlace_mapa":"https:\/\/maps.app.goo.gl\/ASjaA2D8BWntAhst7","como_llegar":"https:\/\/ul.waze.com\/ul?preview_venue_id=185468559.1854620051.4474102&navigate=yes&utm_campaign=default&utm_source=waze_website&utm_medium=lm_share_location","telefono":[{"numero":"(01) 480 1165"}],"horario":[{"item":"Tuesday through Sunday: 11 a.m. a 4 p.m."}]},{"imagen":{"ID":539,"id":539,"title":"restaurant-miraflores-sanmartin","filename":"restaurant-miraflores-sanmartin.webp","filesize":60750,"url":"https:\/\/puntoazulrestaurante.com\/wp-content\/uploads\/2024\/05\/restaurant-miraflores-sanmartin.webp","link":"https:\/\/puntoazulrestaurante.com\/en\/contact-us\/restaurant-miraflores-sanmartin-2\/","alt":"","author":"1","description":"","caption":"","name":"restaurant-miraflores-sanmartin-2","status":"inherit","uploaded_to":617,"date":"2024-05-10 23:16:06","modified":"2024-05-10 23:16:06","menu_order":0,"mime_type":"image\/webp","type":"image","subtype":"webp","icon":"https:\/\/puntoazulrestaurante.com\/wp-includes\/images\/media\/default.png","width":620,"height":410,"sizes":{"thumbnail":"https:\/\/puntoazulrestaurante.com\/wp-content\/uploads\/2024\/05\/restaurant-miraflores-sanmartin-150x150.webp","thumbnail-width":150,"thumbnail-height":150,"medium":"https:\/\/puntoazulrestaurante.com\/wp-content\/uploads\/2024\/05\/restaurant-miraflores-sanmartin-300x198.webp","medium-width":300,"medium-height":198,"medium_large":"https:\/\/puntoazulrestaurante.com\/wp-content\/uploads\/2024\/05\/restaurant-miraflores-sanmartin.webp","medium_large-width":580,"medium_large-height":384,"large":"https:\/\/puntoazulrestaurante.com\/wp-content\/uploads\/2024\/05\/restaurant-miraflores-sanmartin.webp","large-width":580,"large-height":384,"1536x1536":"https:\/\/puntoazulrestaurante.com\/wp-content\/uploads\/2024\/05\/restaurant-miraflores-sanmartin.webp","1536x1536-width":620,"1536x1536-height":410,"2048x2048":"https:\/\/puntoazulrestaurante.com\/wp-content\/uploads\/2024\/05\/restaurant-miraflores-sanmartin.webp","2048x2048-width":620,"2048x2048-height":410,"post-thumbnail":"https:\/\/puntoazulrestaurante.com\/wp-content\/uploads\/2024\/05\/restaurant-miraflores-sanmartin.webp","post-thumbnail-width":620,"post-thumbnail-height":410,"twentytwenty-fullscreen":"https:\/\/puntoazulrestaurante.com\/wp-content\/uploads\/2024\/05\/restaurant-miraflores-sanmartin.webp","twentytwenty-fullscreen-width":620,"twentytwenty-fullscreen-height":410}},"distrito":"Miraflores - San Mart\u00edn","descripcion":"Sal\u00f3n y Recojo en tienda","direccion":"Ca. San Mart\u00edn 595","enlace_mapa":"https:\/\/maps.app.goo.gl\/RNTF1HDa4NJjJ25W7","como_llegar":"https:\/\/ul.waze.com\/ul?preview_venue_id=185468559.1854488979.3242046&navigate=yes&utm_campaign=default&utm_source=waze_website&utm_medium=lm_share_location","telefono":[{"numero":"(01) 480 1165"}],"horario":[{"item":"Monday: 12 p.m. a 12 a.m."},{"item":"Tuesday to Saturday: 11 a.m. a 12 p.m."},{"item":"Domingo: 11 a.m. a 4 p.m."}]},{"imagen":{"ID":540,"id":540,"title":"restaurant-jorge-chavez","filename":"restaurant-jorge-chavez.webp","filesize":43782,"url":"https:\/\/puntoazulrestaurante.com\/wp-content\/uploads\/2024\/05\/restaurant-jorge-chavez.webp","link":"https:\/\/puntoazulrestaurante.com\/en\/contact-us\/restaurant-jorge-chavez-2\/","alt":"","author":"1","description":"","caption":"","name":"restaurant-jorge-chavez-2","status":"inherit","uploaded_to":617,"date":"2024-05-10 23:16:18","modified":"2024-05-10 23:16:18","menu_order":0,"mime_type":"image\/webp","type":"image","subtype":"webp","icon":"https:\/\/puntoazulrestaurante.com\/wp-includes\/images\/media\/default.png","width":620,"height":410,"sizes":{"thumbnail":"https:\/\/puntoazulrestaurante.com\/wp-content\/uploads\/2024\/05\/restaurant-jorge-chavez-150x150.webp","thumbnail-width":150,"thumbnail-height":150,"medium":"https:\/\/puntoazulrestaurante.com\/wp-content\/uploads\/2024\/05\/restaurant-jorge-chavez-300x198.webp","medium-width":300,"medium-height":198,"medium_large":"https:\/\/puntoazulrestaurante.com\/wp-content\/uploads\/2024\/05\/restaurant-jorge-chavez.webp","medium_large-width":580,"medium_large-height":384,"large":"https:\/\/puntoazulrestaurante.com\/wp-content\/uploads\/2024\/05\/restaurant-jorge-chavez.webp","large-width":580,"large-height":384,"1536x1536":"https:\/\/puntoazulrestaurante.com\/wp-content\/uploads\/2024\/05\/restaurant-jorge-chavez.webp","1536x1536-width":620,"1536x1536-height":410,"2048x2048":"https:\/\/puntoazulrestaurante.com\/wp-content\/uploads\/2024\/05\/restaurant-jorge-chavez.webp","2048x2048-width":620,"2048x2048-height":410,"post-thumbnail":"https:\/\/puntoazulrestaurante.com\/wp-content\/uploads\/2024\/05\/restaurant-jorge-chavez.webp","post-thumbnail-width":620,"post-thumbnail-height":410,"twentytwenty-fullscreen":"https:\/\/puntoazulrestaurante.com\/wp-content\/uploads\/2024\/05\/restaurant-jorge-chavez.webp","twentytwenty-fullscreen-width":620,"twentytwenty-fullscreen-height":410}},"distrito":"Miraflores - Jorge Ch\u00e1vez","descripcion":"Sal\u00f3n y Recojo en tienda","direccion":"Ca. Jorge Ch\u00e1vez 230","enlace_mapa":"https:\/\/maps.app.goo.gl\/zf2jXnKT97B4G8Xt6","como_llegar":"https:\/\/ul.waze.com\/ul?preview_venue_id=185468559.1854423444.22820248&navigate=yes&utm_campaign=default&utm_source=waze_website&utm_medium=lm_share_location","telefono":false,"horario":[{"item":"Tuesday through Sunday: 11 a.m. a 4 p.m."}]}]}]},"aioseo_notices":[],"_links":{"self":[{"href":"https:\/\/puntoazulrestaurante.com\/en\/wp-json\/wp\/v2\/pages\/617","targetHints":{"allow":["GET"]}}],"collection":[{"href":"https:\/\/puntoazulrestaurante.com\/en\/wp-json\/wp\/v2\/pages"}],"about":[{"href":"https:\/\/puntoazulrestaurante.com\/en\/wp-json\/wp\/v2\/types\/page"}],"author":[{"embeddable":true,"href":"https:\/\/puntoazulrestaurante.com\/en\/wp-json\/wp\/v2\/users\/1"}],"replies":[{"embeddable":true,"href":"https:\/\/puntoazulrestaurante.com\/en\/wp-json\/wp\/v2\/comments?post=617"}],"version-history":[{"count":18,"href":"https:\/\/puntoazulrestaurante.com\/en\/wp-json\/wp\/v2\/pages\/617\/revisions"}],"predecessor-version":[{"id":735,"href":"https:\/\/puntoazulrestaurante.com\/en\/wp-json\/wp\/v2\/pages\/617\/revisions\/735"}],"wp:attachment":[{"href":"https:\/\/puntoazulrestaurante.com\/en\/wp-json\/wp\/v2\/media?parent=617"}],"curies":[{"name":"wp","href":"https:\/\/api.w.org\/{rel}","templated":true}]}}