{"id":620,"date":"2024-05-08T11:04:32","date_gmt":"2024-05-08T16:04:32","guid":{"rendered":"https:\/\/puntoazulrestaurante.com\/nosotros\/"},"modified":"2024-05-14T12:19:04","modified_gmt":"2024-05-14T17:19:04","slug":"about-us","status":"publish","type":"page","link":"https:\/\/puntoazulrestaurante.com\/en\/about-us\/","title":{"rendered":"About us"},"content":{"rendered":"","protected":false},"excerpt":{"rendered":"","protected":false},"author":1,"featured_media":0,"parent":0,"menu_order":0,"comment_status":"closed","ping_status":"closed","template":"page-nosotros.php","meta":{"_acf_changed":false,"footnotes":""},"class_list":["post-620","page","type-page","status-publish","hentry"],"acf":{"titulo":"Tracing a legacy","titulo_secundario":"Our purpose","descripcion_secundario":"<p>We want to be a reference for good food and service in Peru, maintaining the principles and values that have governed us since the day the Punto Azul dream was born:<\/p>\n<p>Maintain the quality of our products, provide excellent service, continually improve and above all create a warm and comfortable environment, not only for our visitors, but also for everyone who is part of the great Punto Azul family.<\/p>\n","titulo_historia":"Our history","contenido_historia":[{"anio":"2019","descripcion":"Se present\u00f3 la oportunidad de seguir apostando por el barrio de Miraflores pero este vez , en una zona con una magia entre turismo y p\u00fablico ejecutivo. Aqu\u00ed consolidamos nuestra experiencia de m\u00e1s de 3 d\u00e9cadas enamorando a m\u00e1s familias del Per\u00fa y del mundo."},{"anio":"2013","descripcion":"Luego de experimentar la gesti\u00f3n de 5 restaurantes, tuvimos el impulso de explorar nuevos mercados y p\u00fablicos objetivos . La apertura del restaurante n\u00famero 6 en Chacarilla Surco, dio pie a seguir fortaleciendo la marca Punto Azul."},{"anio":"2006","descripcion":"Las tendencias de los consumidores por seguir descubriendo nuevas propuestas gastron\u00f3micas , nos hizo tomar la decisi\u00f3n de abrir un restaurante m\u00e1s en el barrio de Miraflores pero esta vez, en una zona residencial. Platos nuevos en carta , vecinos nuevos, mayor exposici\u00f3n de la marca , fueron algunas de las experiencias que marcaron la apertura de este restaurante n\u00famero 05."},{"anio":"2004","descripcion":"La gastronom\u00eda peruana, bendecida por su mixtura de insumos e influencias culturales, va fortaleciendo su fama internacional. Es as\u00ed como se abre el restaurante n\u00famero 04 de la marca en el barrio m\u00e1s tur\u00edstico de la capital : \u201cMiraflores\u201d. Este espacio nos permiti\u00f3 conocer y cautivar los paladares del mundo."},{"anio":"2000","descripcion":"con un incremento en la demanda, confianza y respaldo de los consumidores, pudimos abrir el tercer restaurante, ubicado en el distrito de Surco. Estrategias de Marketing y fidelizaci\u00f3n, fueron herramientas claves para conquistar nuevos paladares."},{"anio":"1997","descripcion":"Se abre el segundo restaurante en el distrito de San Borja con una ampliaci\u00f3n de la carta y un espacio m\u00e1s grande para la atenci\u00f3n a nuestros comensales. Vivimos el gran reto y aprendizaje de gestionar una mayor oferta en nuestro men\u00fa y atenci\u00f3n a un mayor n\u00famero de clientes."},{"anio":"1992","descripcion":"Se abre en San Isidro el primer Punto Azul , enfocados en vender ceviches preparados al momento. En esa \u00e9poca, ya se viv\u00eda una importante influencia de la cultura Nikkei en la gastronom\u00eda Peruana. Aqu\u00ed es donde empieza esta aventura culinaria en la historia de la marca."}],"titulo_chef":"Our chefs","chef_locales":[{"titulo":"Miraflores","imagenes":[{"imagen":{"ID":523,"id":523,"title":"chef-jose-abelardo-quinonez-1","filename":"chef-jose-abelardo-quinonez-1.png","filesize":240981,"url":"https:\/\/puntoazulrestaurante.com\/wp-content\/uploads\/2024\/05\/chef-jose-abelardo-quinonez-1.png","link":"https:\/\/puntoazulrestaurante.com\/en\/about-us\/chef-jose-abelardo-quinonez-1-2\/","alt":"","author":"1","description":"","caption":"","name":"chef-jose-abelardo-quinonez-1-2","status":"inherit","uploaded_to":620,"date":"2024-05-08 18:24:34","modified":"2024-05-08 18:24:34","menu_order":0,"mime_type":"image\/png","type":"image","subtype":"png","icon":"https:\/\/puntoazulrestaurante.com\/wp-includes\/images\/media\/default.png","width":350,"height":402,"sizes":{"thumbnail":"https:\/\/puntoazulrestaurante.com\/wp-content\/uploads\/2024\/05\/chef-jose-abelardo-quinonez-1-150x150.png","thumbnail-width":150,"thumbnail-height":150,"medium":"https:\/\/puntoazulrestaurante.com\/wp-content\/uploads\/2024\/05\/chef-jose-abelardo-quinonez-1-261x300.png","medium-width":261,"medium-height":300,"medium_large":"https:\/\/puntoazulrestaurante.com\/wp-content\/uploads\/2024\/05\/chef-jose-abelardo-quinonez-1.png","medium_large-width":350,"medium_large-height":402,"large":"https:\/\/puntoazulrestaurante.com\/wp-content\/uploads\/2024\/05\/chef-jose-abelardo-quinonez-1.png","large-width":350,"large-height":402,"1536x1536":"https:\/\/puntoazulrestaurante.com\/wp-content\/uploads\/2024\/05\/chef-jose-abelardo-quinonez-1.png","1536x1536-width":350,"1536x1536-height":402,"2048x2048":"https:\/\/puntoazulrestaurante.com\/wp-content\/uploads\/2024\/05\/chef-jose-abelardo-quinonez-1.png","2048x2048-width":350,"2048x2048-height":402,"post-thumbnail":"https:\/\/puntoazulrestaurante.com\/wp-content\/uploads\/2024\/05\/chef-jose-abelardo-quinonez-1.png","post-thumbnail-width":350,"post-thumbnail-height":402,"twentytwenty-fullscreen":"https:\/\/puntoazulrestaurante.com\/wp-content\/uploads\/2024\/05\/chef-jose-abelardo-quinonez-1.png","twentytwenty-fullscreen-width":350,"twentytwenty-fullscreen-height":402}}},{"imagen":{"ID":524,"id":524,"title":"chef-jose-arone-guzman-1","filename":"chef-jose-arone-guzman-1.png","filesize":206341,"url":"https:\/\/puntoazulrestaurante.com\/wp-content\/uploads\/2024\/05\/chef-jose-arone-guzman-1.png","link":"https:\/\/puntoazulrestaurante.com\/en\/about-us\/chef-jose-arone-guzman-1-2\/","alt":"","author":"1","description":"","caption":"","name":"chef-jose-arone-guzman-1-2","status":"inherit","uploaded_to":620,"date":"2024-05-08 18:24:49","modified":"2024-05-08 18:24:49","menu_order":0,"mime_type":"image\/png","type":"image","subtype":"png","icon":"https:\/\/puntoazulrestaurante.com\/wp-includes\/images\/media\/default.png","width":350,"height":402,"sizes":{"thumbnail":"https:\/\/puntoazulrestaurante.com\/wp-content\/uploads\/2024\/05\/chef-jose-arone-guzman-1-150x150.png","thumbnail-width":150,"thumbnail-height":150,"medium":"https:\/\/puntoazulrestaurante.com\/wp-content\/uploads\/2024\/05\/chef-jose-arone-guzman-1-261x300.png","medium-width":261,"medium-height":300,"medium_large":"https:\/\/puntoazulrestaurante.com\/wp-content\/uploads\/2024\/05\/chef-jose-arone-guzman-1.png","medium_large-width":350,"medium_large-height":402,"large":"https:\/\/puntoazulrestaurante.com\/wp-content\/uploads\/2024\/05\/chef-jose-arone-guzman-1.png","large-width":350,"large-height":402,"1536x1536":"https:\/\/puntoazulrestaurante.com\/wp-content\/uploads\/2024\/05\/chef-jose-arone-guzman-1.png","1536x1536-width":350,"1536x1536-height":402,"2048x2048":"https:\/\/puntoazulrestaurante.com\/wp-content\/uploads\/2024\/05\/chef-jose-arone-guzman-1.png","2048x2048-width":350,"2048x2048-height":402,"post-thumbnail":"https:\/\/puntoazulrestaurante.com\/wp-content\/uploads\/2024\/05\/chef-jose-arone-guzman-1.png","post-thumbnail-width":350,"post-thumbnail-height":402,"twentytwenty-fullscreen":"https:\/\/puntoazulrestaurante.com\/wp-content\/uploads\/2024\/05\/chef-jose-arone-guzman-1.png","twentytwenty-fullscreen-width":350,"twentytwenty-fullscreen-height":402}}},{"imagen":{"ID":525,"id":525,"title":"chef-jordan-cortijo-1","filename":"chef-jordan-cortijo-1.png","filesize":158370,"url":"https:\/\/puntoazulrestaurante.com\/wp-content\/uploads\/2024\/05\/chef-jordan-cortijo-1.png","link":"https:\/\/puntoazulrestaurante.com\/en\/about-us\/chef-jordan-cortijo-1-2\/","alt":"","author":"1","description":"","caption":"","name":"chef-jordan-cortijo-1-2","status":"inherit","uploaded_to":620,"date":"2024-05-08 18:25:04","modified":"2024-05-08 18:25:04","menu_order":0,"mime_type":"image\/png","type":"image","subtype":"png","icon":"https:\/\/puntoazulrestaurante.com\/wp-includes\/images\/media\/default.png","width":350,"height":402,"sizes":{"thumbnail":"https:\/\/puntoazulrestaurante.com\/wp-content\/uploads\/2024\/05\/chef-jordan-cortijo-1-150x150.png","thumbnail-width":150,"thumbnail-height":150,"medium":"https:\/\/puntoazulrestaurante.com\/wp-content\/uploads\/2024\/05\/chef-jordan-cortijo-1-261x300.png","medium-width":261,"medium-height":300,"medium_large":"https:\/\/puntoazulrestaurante.com\/wp-content\/uploads\/2024\/05\/chef-jordan-cortijo-1.png","medium_large-width":350,"medium_large-height":402,"large":"https:\/\/puntoazulrestaurante.com\/wp-content\/uploads\/2024\/05\/chef-jordan-cortijo-1.png","large-width":350,"large-height":402,"1536x1536":"https:\/\/puntoazulrestaurante.com\/wp-content\/uploads\/2024\/05\/chef-jordan-cortijo-1.png","1536x1536-width":350,"1536x1536-height":402,"2048x2048":"https:\/\/puntoazulrestaurante.com\/wp-content\/uploads\/2024\/05\/chef-jordan-cortijo-1.png","2048x2048-width":350,"2048x2048-height":402,"post-thumbnail":"https:\/\/puntoazulrestaurante.com\/wp-content\/uploads\/2024\/05\/chef-jordan-cortijo-1.png","post-thumbnail-width":350,"post-thumbnail-height":402,"twentytwenty-fullscreen":"https:\/\/puntoazulrestaurante.com\/wp-content\/uploads\/2024\/05\/chef-jordan-cortijo-1.png","twentytwenty-fullscreen-width":350,"twentytwenty-fullscreen-height":402}}}]},{"titulo":"Surco","imagenes":[{"imagen":{"ID":526,"id":526,"title":"chef-jorge-huerta-1","filename":"chef-jorge-huerta-1.png","filesize":210506,"url":"https:\/\/puntoazulrestaurante.com\/wp-content\/uploads\/2024\/05\/chef-jorge-huerta-1.png","link":"https:\/\/puntoazulrestaurante.com\/en\/about-us\/chef-jorge-huerta-1-2\/","alt":"","author":"1","description":"","caption":"","name":"chef-jorge-huerta-1-2","status":"inherit","uploaded_to":620,"date":"2024-05-08 18:25:37","modified":"2024-05-08 18:25:37","menu_order":0,"mime_type":"image\/png","type":"image","subtype":"png","icon":"https:\/\/puntoazulrestaurante.com\/wp-includes\/images\/media\/default.png","width":350,"height":402,"sizes":{"thumbnail":"https:\/\/puntoazulrestaurante.com\/wp-content\/uploads\/2024\/05\/chef-jorge-huerta-1-150x150.png","thumbnail-width":150,"thumbnail-height":150,"medium":"https:\/\/puntoazulrestaurante.com\/wp-content\/uploads\/2024\/05\/chef-jorge-huerta-1-261x300.png","medium-width":261,"medium-height":300,"medium_large":"https:\/\/puntoazulrestaurante.com\/wp-content\/uploads\/2024\/05\/chef-jorge-huerta-1.png","medium_large-width":350,"medium_large-height":402,"large":"https:\/\/puntoazulrestaurante.com\/wp-content\/uploads\/2024\/05\/chef-jorge-huerta-1.png","large-width":350,"large-height":402,"1536x1536":"https:\/\/puntoazulrestaurante.com\/wp-content\/uploads\/2024\/05\/chef-jorge-huerta-1.png","1536x1536-width":350,"1536x1536-height":402,"2048x2048":"https:\/\/puntoazulrestaurante.com\/wp-content\/uploads\/2024\/05\/chef-jorge-huerta-1.png","2048x2048-width":350,"2048x2048-height":402,"post-thumbnail":"https:\/\/puntoazulrestaurante.com\/wp-content\/uploads\/2024\/05\/chef-jorge-huerta-1.png","post-thumbnail-width":350,"post-thumbnail-height":402,"twentytwenty-fullscreen":"https:\/\/puntoazulrestaurante.com\/wp-content\/uploads\/2024\/05\/chef-jorge-huerta-1.png","twentytwenty-fullscreen-width":350,"twentytwenty-fullscreen-height":402}}},{"imagen":{"ID":527,"id":527,"title":"chef-hector-fernandez-1","filename":"chef-hector-fernandez-1.png","filesize":225109,"url":"https:\/\/puntoazulrestaurante.com\/wp-content\/uploads\/2024\/05\/chef-hector-fernandez-1.png","link":"https:\/\/puntoazulrestaurante.com\/en\/about-us\/chef-hector-fernandez-1-2\/","alt":"","author":"1","description":"","caption":"","name":"chef-hector-fernandez-1-2","status":"inherit","uploaded_to":620,"date":"2024-05-08 18:25:52","modified":"2024-05-08 18:25:52","menu_order":0,"mime_type":"image\/png","type":"image","subtype":"png","icon":"https:\/\/puntoazulrestaurante.com\/wp-includes\/images\/media\/default.png","width":350,"height":402,"sizes":{"thumbnail":"https:\/\/puntoazulrestaurante.com\/wp-content\/uploads\/2024\/05\/chef-hector-fernandez-1-150x150.png","thumbnail-width":150,"thumbnail-height":150,"medium":"https:\/\/puntoazulrestaurante.com\/wp-content\/uploads\/2024\/05\/chef-hector-fernandez-1-261x300.png","medium-width":261,"medium-height":300,"medium_large":"https:\/\/puntoazulrestaurante.com\/wp-content\/uploads\/2024\/05\/chef-hector-fernandez-1.png","medium_large-width":350,"medium_large-height":402,"large":"https:\/\/puntoazulrestaurante.com\/wp-content\/uploads\/2024\/05\/chef-hector-fernandez-1.png","large-width":350,"large-height":402,"1536x1536":"https:\/\/puntoazulrestaurante.com\/wp-content\/uploads\/2024\/05\/chef-hector-fernandez-1.png","1536x1536-width":350,"1536x1536-height":402,"2048x2048":"https:\/\/puntoazulrestaurante.com\/wp-content\/uploads\/2024\/05\/chef-hector-fernandez-1.png","2048x2048-width":350,"2048x2048-height":402,"post-thumbnail":"https:\/\/puntoazulrestaurante.com\/wp-content\/uploads\/2024\/05\/chef-hector-fernandez-1.png","post-thumbnail-width":350,"post-thumbnail-height":402,"twentytwenty-fullscreen":"https:\/\/puntoazulrestaurante.com\/wp-content\/uploads\/2024\/05\/chef-hector-fernandez-1.png","twentytwenty-fullscreen-width":350,"twentytwenty-fullscreen-height":402}}}]},{"titulo":"San Isidro","imagenes":[{"imagen":{"ID":528,"id":528,"title":"chef-vinancio-ynca-damiano-1","filename":"chef-vinancio-ynca-damiano-1.png","filesize":207267,"url":"https:\/\/puntoazulrestaurante.com\/wp-content\/uploads\/2024\/05\/chef-vinancio-ynca-damiano-1.png","link":"https:\/\/puntoazulrestaurante.com\/en\/about-us\/chef-vinancio-ynca-damiano-1-2\/","alt":"","author":"1","description":"","caption":"","name":"chef-vinancio-ynca-damiano-1-2","status":"inherit","uploaded_to":620,"date":"2024-05-08 18:26:15","modified":"2024-05-08 18:26:15","menu_order":0,"mime_type":"image\/png","type":"image","subtype":"png","icon":"https:\/\/puntoazulrestaurante.com\/wp-includes\/images\/media\/default.png","width":350,"height":402,"sizes":{"thumbnail":"https:\/\/puntoazulrestaurante.com\/wp-content\/uploads\/2024\/05\/chef-vinancio-ynca-damiano-1-150x150.png","thumbnail-width":150,"thumbnail-height":150,"medium":"https:\/\/puntoazulrestaurante.com\/wp-content\/uploads\/2024\/05\/chef-vinancio-ynca-damiano-1-261x300.png","medium-width":261,"medium-height":300,"medium_large":"https:\/\/puntoazulrestaurante.com\/wp-content\/uploads\/2024\/05\/chef-vinancio-ynca-damiano-1.png","medium_large-width":350,"medium_large-height":402,"large":"https:\/\/puntoazulrestaurante.com\/wp-content\/uploads\/2024\/05\/chef-vinancio-ynca-damiano-1.png","large-width":350,"large-height":402,"1536x1536":"https:\/\/puntoazulrestaurante.com\/wp-content\/uploads\/2024\/05\/chef-vinancio-ynca-damiano-1.png","1536x1536-width":350,"1536x1536-height":402,"2048x2048":"https:\/\/puntoazulrestaurante.com\/wp-content\/uploads\/2024\/05\/chef-vinancio-ynca-damiano-1.png","2048x2048-width":350,"2048x2048-height":402,"post-thumbnail":"https:\/\/puntoazulrestaurante.com\/wp-content\/uploads\/2024\/05\/chef-vinancio-ynca-damiano-1.png","post-thumbnail-width":350,"post-thumbnail-height":402,"twentytwenty-fullscreen":"https:\/\/puntoazulrestaurante.com\/wp-content\/uploads\/2024\/05\/chef-vinancio-ynca-damiano-1.png","twentytwenty-fullscreen-width":350,"twentytwenty-fullscreen-height":402}}}]}],"descripcion":"<p>Desde 1992, Punto Azul viene marcando un hito en la escena culinaria peruana cubriendo las expectativas principales de sus visitantes: misma calidad, buena atenci\u00f3n y excelente saz\u00f3n, \u00a1siempre!<\/p>\n","lista_marque":[{"item":"FAMOUS FOR OUR SEASONING"},{"item":"Ocean freshness on your table"},{"item":"FAMOUS FOR OUR SEASONING"},{"item":"Ocean freshness on your table"},{"item":"FAMOUS FOR OUR SEASONING"},{"item":"Ocean freshness on your table"}],"imagen":{"ID":692,"id":692,"title":"restaurante 801x596","filename":"restaurante-801x596-1.png","filesize":689684,"url":"https:\/\/puntoazulrestaurante.com\/wp-content\/uploads\/2024\/05\/restaurante-801x596-1.png","link":"https:\/\/puntoazulrestaurante.com\/en\/about-us\/restaurante-801x596-2\/","alt":"","author":"1","description":"","caption":"","name":"restaurante-801x596-2","status":"inherit","uploaded_to":620,"date":"2024-05-13 21:03:24","modified":"2024-05-13 21:03:24","menu_order":0,"mime_type":"image\/png","type":"image","subtype":"png","icon":"https:\/\/puntoazulrestaurante.com\/wp-includes\/images\/media\/default.png","width":801,"height":596,"sizes":{"thumbnail":"https:\/\/puntoazulrestaurante.com\/wp-content\/uploads\/2024\/05\/restaurante-801x596-1-150x150.png","thumbnail-width":150,"thumbnail-height":150,"medium":"https:\/\/puntoazulrestaurante.com\/wp-content\/uploads\/2024\/05\/restaurante-801x596-1-300x223.png","medium-width":300,"medium-height":223,"medium_large":"https:\/\/puntoazulrestaurante.com\/wp-content\/uploads\/2024\/05\/restaurante-801x596-1-768x571.png","medium_large-width":580,"medium_large-height":431,"large":"https:\/\/puntoazulrestaurante.com\/wp-content\/uploads\/2024\/05\/restaurante-801x596-1.png","large-width":580,"large-height":432,"1536x1536":"https:\/\/puntoazulrestaurante.com\/wp-content\/uploads\/2024\/05\/restaurante-801x596-1.png","1536x1536-width":801,"1536x1536-height":596,"2048x2048":"https:\/\/puntoazulrestaurante.com\/wp-content\/uploads\/2024\/05\/restaurante-801x596-1.png","2048x2048-width":801,"2048x2048-height":596,"post-thumbnail":"https:\/\/puntoazulrestaurante.com\/wp-content\/uploads\/2024\/05\/restaurante-801x596-1.png","post-thumbnail-width":801,"post-thumbnail-height":596,"twentytwenty-fullscreen":"https:\/\/puntoazulrestaurante.com\/wp-content\/uploads\/2024\/05\/restaurante-801x596-1.png","twentytwenty-fullscreen-width":801,"twentytwenty-fullscreen-height":596}},"imagen_secundario":{"ID":522,"id":522,"title":"img-nosotros","filename":"img-nosotros.webp","filesize":50552,"url":"https:\/\/puntoazulrestaurante.com\/wp-content\/uploads\/2024\/05\/img-nosotros.webp","link":"https:\/\/puntoazulrestaurante.com\/en\/about-us\/img-nosotros-2\/","alt":"","author":"1","description":"","caption":"","name":"img-nosotros-2","status":"inherit","uploaded_to":620,"date":"2024-05-08 18:16:35","modified":"2024-05-08 18:16:35","menu_order":0,"mime_type":"image\/webp","type":"image","subtype":"webp","icon":"https:\/\/puntoazulrestaurante.com\/wp-includes\/images\/media\/default.png","width":670,"height":345,"sizes":{"thumbnail":"https:\/\/puntoazulrestaurante.com\/wp-content\/uploads\/2024\/05\/img-nosotros-150x150.webp","thumbnail-width":150,"thumbnail-height":150,"medium":"https:\/\/puntoazulrestaurante.com\/wp-content\/uploads\/2024\/05\/img-nosotros-300x154.webp","medium-width":300,"medium-height":154,"medium_large":"https:\/\/puntoazulrestaurante.com\/wp-content\/uploads\/2024\/05\/img-nosotros.webp","medium_large-width":580,"medium_large-height":299,"large":"https:\/\/puntoazulrestaurante.com\/wp-content\/uploads\/2024\/05\/img-nosotros.webp","large-width":580,"large-height":299,"1536x1536":"https:\/\/puntoazulrestaurante.com\/wp-content\/uploads\/2024\/05\/img-nosotros.webp","1536x1536-width":670,"1536x1536-height":345,"2048x2048":"https:\/\/puntoazulrestaurante.com\/wp-content\/uploads\/2024\/05\/img-nosotros.webp","2048x2048-width":670,"2048x2048-height":345,"post-thumbnail":"https:\/\/puntoazulrestaurante.com\/wp-content\/uploads\/2024\/05\/img-nosotros.webp","post-thumbnail-width":670,"post-thumbnail-height":345,"twentytwenty-fullscreen":"https:\/\/puntoazulrestaurante.com\/wp-content\/uploads\/2024\/05\/img-nosotros.webp","twentytwenty-fullscreen-width":670,"twentytwenty-fullscreen-height":345}},"contenido_mision_vision":[{"titulo":"Mission","descripcion":"Excelencia en comida marina con ingredientes de calidad, en un ambiente agradable. Nuestro equipo comprometido busca proporcionar servicio y satisfacci\u00f3n excepcionales."},{"titulo":"Vision","descripcion":"Ser reconocidos como el mejor restaurante de comida marina a nivel nacional, por los altos est\u00e1ndares de calidad en el servicio, innovaci\u00f3n en el mercado y creando experiencias agradables al paladar de nuestros clientes."}]},"aioseo_notices":[],"_links":{"self":[{"href":"https:\/\/puntoazulrestaurante.com\/en\/wp-json\/wp\/v2\/pages\/620","targetHints":{"allow":["GET"]}}],"collection":[{"href":"https:\/\/puntoazulrestaurante.com\/en\/wp-json\/wp\/v2\/pages"}],"about":[{"href":"https:\/\/puntoazulrestaurante.com\/en\/wp-json\/wp\/v2\/types\/page"}],"author":[{"embeddable":true,"href":"https:\/\/puntoazulrestaurante.com\/en\/wp-json\/wp\/v2\/users\/1"}],"replies":[{"embeddable":true,"href":"https:\/\/puntoazulrestaurante.com\/en\/wp-json\/wp\/v2\/comments?post=620"}],"version-history":[{"count":21,"href":"https:\/\/puntoazulrestaurante.com\/en\/wp-json\/wp\/v2\/pages\/620\/revisions"}],"predecessor-version":[{"id":739,"href":"https:\/\/puntoazulrestaurante.com\/en\/wp-json\/wp\/v2\/pages\/620\/revisions\/739"}],"wp:attachment":[{"href":"https:\/\/puntoazulrestaurante.com\/en\/wp-json\/wp\/v2\/media?parent=620"}],"curies":[{"name":"wp","href":"https:\/\/api.w.org\/{rel}","templated":true}]}}